{"id":60,"date":"2016-08-29T10:08:10","date_gmt":"2016-08-29T09:08:10","guid":{"rendered":"http:\/\/www.lesgatsdobourbonnais.fr\/?page_id=60"},"modified":"2022-09-15T18:12:27","modified_gmt":"2022-09-15T17:12:27","slug":"qui-sommes-nous","status":"publish","type":"page","link":"https:\/\/www.lesgatsdobourbonnais.fr\/","title":{"rendered":"qui sommes nous?"},"content":{"rendered":"<div class=\"entry-content\">\n<p>cr\u00e9\u00e9 en 1973 par des coll\u00e9giens pour la f\u00eate de l\u2019\u00e9cole en 1973, les gats do bourbonnais est un groupe folklorique qui a pour vocation le maintient des traditions populaires du bourbonnais: danse, chant, musique, vieux m\u00e9tiers, costumes de nos anc\u00eatres de 1850-1900.<\/p>\n<p>nous sommes une association loi 1901. Nous faisons partie de la <a href=\"http:\/\/www.fatp-cmc.com\/\">f\u00e9d\u00e9ration des arts et traditions populaires centre massif central<\/a><\/p>\n<p>nous sommes \u00e9galement membre de la F\u00e9d\u00e9ration Fran\u00e7aise des Arts et Traditions Populaires<\/p>\n<p>aujourd\u2019hui, l\u2019association compte une quarantaine de membres:<\/p>\n<p>danseurs<\/p>\n<p>musiciens<\/p>\n<p>b\u00e9n\u00e9voles.<\/p>\n<p>nous nous effor\u00e7ons de reproduire le plus fid\u00e8lement possible les costumes les danses et les gestes de l\u2019\u00e9poque que nous repr\u00e9sentons.<\/p>\n<h4><strong>r\u00e9p\u00e9titions:<\/strong><\/h4>\n<p>le vendredi soir \u00e0 20H30 dans nos locaux: hameau de la dure 03410 SAINT VICTOR.<\/p>\n<p>contact:<\/p>\n<p>pour tout renseignements<\/p>\n<p><strong>pr\u00e9sident:<\/strong> Jean Michel BOUILLAUD: 04.70.03.09.50\u00a0 ou 06.23.13.17.56<\/p>\n<p><strong>vice pr\u00e9sident:<\/strong> Jean Pierre GENESTE 04.70.03.90.96<\/p>\n<p><strong>secr\u00e9taire:<\/strong> Eveline BOUILLAUD 04.70.03.09.50 ou 06.19.53.38.89<\/p>\n<p>jeanmichelbouillaud03@gmail.com<\/p>\n<\/div>\n","protected":false},"excerpt":{"rendered":"<p>cr\u00e9\u00e9 en 1973 par des coll\u00e9giens pour la f\u00eate de l\u2019\u00e9cole en 1973, les gats do bourbonnais est un groupe folklorique qui a pour vocation le maintient des traditions populaires du bourbonnais: danse, chant, musique, vieux m\u00e9tiers, costumes de nos anc\u00eatres de 1850-1900. nous sommes une association loi 1901. Nous faisons partie de la f\u00e9d\u00e9ration &hellip; <a href=\"https:\/\/www.lesgatsdobourbonnais.fr\/\" class=\"more-link\">Continuer la lecture<span class=\"screen-reader-text\"> de &laquo;&nbsp;qui sommes nous?&nbsp;&raquo;<\/span><\/a><\/p>\n","protected":false},"author":1,"featured_media":0,"parent":0,"menu_order":0,"comment_status":"closed","ping_status":"closed","template":"","meta":[],"_links":{"self":[{"href":"https:\/\/www.lesgatsdobourbonnais.fr\/index.php?rest_route=\/wp\/v2\/pages\/60"}],"collection":[{"href":"https:\/\/www.lesgatsdobourbonnais.fr\/index.php?rest_route=\/wp\/v2\/pages"}],"about":[{"href":"https:\/\/www.lesgatsdobourbonnais.fr\/index.php?rest_route=\/wp\/v2\/types\/page"}],"author":[{"embeddable":true,"href":"https:\/\/www.lesgatsdobourbonnais.fr\/index.php?rest_route=\/wp\/v2\/users\/1"}],"replies":[{"embeddable":true,"href":"https:\/\/www.lesgatsdobourbonnais.fr\/index.php?rest_route=%2Fwp%2Fv2%2Fcomments&post=60"}],"version-history":[{"count":6,"href":"https:\/\/www.lesgatsdobourbonnais.fr\/index.php?rest_route=\/wp\/v2\/pages\/60\/revisions"}],"predecessor-version":[{"id":292,"href":"https:\/\/www.lesgatsdobourbonnais.fr\/index.php?rest_route=\/wp\/v2\/pages\/60\/revisions\/292"}],"wp:attachment":[{"href":"https:\/\/www.lesgatsdobourbonnais.fr\/index.php?rest_route=%2Fwp%2Fv2%2Fmedia&parent=60"}],"curies":[{"name":"wp","href":"https:\/\/api.w.org\/{rel}","templated":true}]}}